{"id":2707,"date":"2016-12-06T18:21:37","date_gmt":"2016-12-06T18:21:37","guid":{"rendered":"http:\/\/rcfly.ch\/drohne-kaufen\/?page_id=2707"},"modified":"2017-01-07T19:38:56","modified_gmt":"2017-01-07T19:38:56","slug":"fpv-freestyle-tricks","status":"publish","type":"page","link":"http:\/\/rcfly.ch\/drohne-kaufen\/fpv-race-drohne\/fpv-freestyle-tricks\/","title":{"rendered":"FPV Freestyle Tricks"},"content":{"rendered":"<h1><strong>FPV Freestyle Tricks<\/strong><\/h1>\n<p><strong>Seit neuem gibt&#8217;s bei<\/strong> <strong>Rotor Riot<\/strong> eine tolle <strong>FPV Freestyle Video Trick Serie.<\/strong> Es zeigt genau wie die einzelnen Man\u00f6ver geflogen werden k\u00f6nnen oder m\u00fcssen. Auch f\u00fcr <strong>FPV Piloten<\/strong> die schon l\u00e4nger\u00a0mit den kleinen <strong>FPV Racer<\/strong> unterwegs sind,\u00a0eine gute Hilfe <strong>die Figuren richtig zu fliegen.<\/strong><\/p>\n<p><script async src=\"\/\/pagead2.googlesyndication.com\/pagead\/js\/adsbygoogle.js\"><\/script><br \/>\n <!-- drohen kaufen nicht reponsiv 840x90 standard --><br \/>\n <ins class=\"adsbygoogle\" style=\"display: inline-block; width: 840px; height: 90px;\" data-ad-client=\"ca-pub-9035236214095156\" data-ad-slot=\"7559932622\"><\/ins><br \/>\n <script>\n(adsbygoogle = window.adsbygoogle || []).push({});\n<\/script><\/p>\n<p>Die Videos werde von <a href=\"https:\/\/www.youtube.com\/channel\/UCemG3VoNCmjP8ucHR2YY7hw\">Rotor Riot<\/a> auf Youtube zur Verf\u00fcgung gestellt.<\/p>\n<p><strong>Trick Series Nr. 1 (Skitzo)<\/strong><\/p>\n<p><span class=\"embed-youtube\" style=\"text-align:center; display: block;\"><iframe loading=\"lazy\" class=\"youtube-player\" width=\"640\" height=\"360\" src=\"https:\/\/www.youtube.com\/embed\/t561TF9s9xk?version=3&#038;rel=1&#038;showsearch=0&#038;showinfo=1&#038;iv_load_policy=1&#038;fs=1&#038;hl=de-DE&#038;autohide=2&#038;wmode=transparent\" allowfullscreen=\"true\" style=\"border:0;\" sandbox=\"allow-scripts allow-same-origin allow-popups allow-presentation\"><\/iframe><\/span><\/p>\n<p><strong>Trick Serie Nr. 2 (Mr. Steel)<\/strong><\/p>\n<p><span class=\"embed-youtube\" style=\"text-align:center; display: block;\"><iframe loading=\"lazy\" class=\"youtube-player\" width=\"640\" height=\"360\" src=\"https:\/\/www.youtube.com\/embed\/-7xgB99JLJo?version=3&#038;rel=1&#038;showsearch=0&#038;showinfo=1&#038;iv_load_policy=1&#038;fs=1&#038;hl=de-DE&#038;autohide=2&#038;wmode=transparent\" allowfullscreen=\"true\" style=\"border:0;\" sandbox=\"allow-scripts allow-same-origin allow-popups allow-presentation\"><\/iframe><\/span><\/p>\n<p><strong>Trick Series Nr. 3 (StingersSwarm)<\/strong><\/p>\n<p><span class=\"embed-youtube\" style=\"text-align:center; display: block;\"><iframe loading=\"lazy\" class=\"youtube-player\" width=\"640\" height=\"360\" src=\"https:\/\/www.youtube.com\/embed\/LSwz3F2pjYg?version=3&#038;rel=1&#038;showsearch=0&#038;showinfo=1&#038;iv_load_policy=1&#038;fs=1&#038;hl=de-DE&#038;autohide=2&#038;wmode=transparent\" allowfullscreen=\"true\" style=\"border:0;\" sandbox=\"allow-scripts allow-same-origin allow-popups allow-presentation\"><\/iframe><\/span><\/p>\n<p><strong>Trick Series Nr. 4 (Mr. Steele)<\/strong><\/p>\n<p><span class=\"embed-youtube\" style=\"text-align:center; display: block;\"><iframe loading=\"lazy\" class=\"youtube-player\" width=\"640\" height=\"360\" src=\"https:\/\/www.youtube.com\/embed\/9JVaSbOXz_4?version=3&#038;rel=1&#038;showsearch=0&#038;showinfo=1&#038;iv_load_policy=1&#038;fs=1&#038;hl=de-DE&#038;autohide=2&#038;wmode=transparent\" allowfullscreen=\"true\" style=\"border:0;\" sandbox=\"allow-scripts allow-same-origin allow-popups allow-presentation\"><\/iframe><\/span><\/p>\n","protected":false},"excerpt":{"rendered":"<p>FPV Freestyle Tricks Seit neuem gibt&#8217;s bei Rotor Riot eine tolle FPV Freestyle Video Trick Serie. Es zeigt genau wie die einzelnen Man\u00f6ver geflogen werden k\u00f6nnen oder m\u00fcssen. Auch f\u00fcr FPV Piloten die schon l\u00e4nger\u00a0mit den kleinen FPV Racer unterwegs sind,\u00a0eine gute Hilfe die Figuren richtig zu fliegen. Die Videos werde von Rotor Riot auf [&hellip;]<\/p>\n","protected":false},"author":2,"featured_media":0,"parent":8,"menu_order":0,"comment_status":"closed","ping_status":"closed","template":"template-sidebar_rechts.php","meta":{"jetpack_post_was_ever_published":false,"footnotes":""},"yoast_head":"<!-- This site is optimized with the Yoast SEO plugin v21.2 - https:\/\/yoast.com\/wordpress\/plugins\/seo\/ -->\n<title>\u25b7 FPV Freestyle Tricks ++TOP Trend++ Besten FPV Freestyle Tricks Video<\/title>\n<meta name=\"description\" content=\"FPV Freestyle Tricks, Rotor Riot Video, Drohne mit Kamera, Luftaufnahmen g\u00fcnstig Top Bestseller \u2713 Top Kaufempfehlungen \u2713 Top Produkte \u2713 Tipp eines Profi \u2713\" \/>\n<meta name=\"robots\" content=\"index, follow, max-snippet:-1, max-image-preview:large, max-video-preview:-1\" \/>\n<link rel=\"canonical\" href=\"http:\/\/rcfly.ch\/drohne-kaufen\/fpv-race-drohne\/fpv-freestyle-tricks\/\" \/>\n<meta property=\"og:locale\" content=\"de_DE\" \/>\n<meta property=\"og:type\" content=\"article\" \/>\n<meta property=\"og:title\" content=\"\u25b7 FPV Freestyle Tricks ++TOP Trend++ Besten FPV Freestyle Tricks Video\" \/>\n<meta property=\"og:description\" content=\"FPV Freestyle Tricks, Rotor Riot Video, Drohne mit Kamera, Luftaufnahmen g\u00fcnstig Top Bestseller \u2713 Top Kaufempfehlungen \u2713 Top Produkte \u2713 Tipp eines Profi \u2713\" \/>\n<meta property=\"og:url\" content=\"http:\/\/rcfly.ch\/drohne-kaufen\/fpv-race-drohne\/fpv-freestyle-tricks\/\" \/>\n<meta property=\"og:site_name\" content=\"Top Drohnen und FPV Racer\" \/>\n<meta property=\"article:publisher\" content=\"https:\/\/www.facebook.com\/rcflyfreestyle\/\" \/>\n<meta property=\"article:modified_time\" content=\"2017-01-07T19:38:56+00:00\" \/>\n<meta name=\"twitter:card\" content=\"summary_large_image\" \/>\n<meta name=\"twitter:site\" content=\"@rcflyluzern\" \/>\n<meta name=\"twitter:label1\" content=\"Gesch\u00e4tzte Lesezeit\" \/>\n\t<meta name=\"twitter:data1\" content=\"1\u00a0Minute\" \/>\n<script type=\"application\/ld+json\" class=\"yoast-schema-graph\">{\"@context\":\"https:\/\/schema.org\",\"@graph\":[{\"@type\":\"WebPage\",\"@id\":\"http:\/\/rcfly.ch\/drohne-kaufen\/fpv-race-drohne\/fpv-freestyle-tricks\/\",\"url\":\"http:\/\/rcfly.ch\/drohne-kaufen\/fpv-race-drohne\/fpv-freestyle-tricks\/\",\"name\":\"\u25b7 FPV Freestyle Tricks ++TOP Trend++ Besten FPV Freestyle Tricks Video\",\"isPartOf\":{\"@id\":\"https:\/\/rcfly.ch\/drohne-kaufen\/#website\"},\"datePublished\":\"2016-12-06T18:21:37+00:00\",\"dateModified\":\"2017-01-07T19:38:56+00:00\",\"description\":\"FPV Freestyle Tricks, Rotor Riot Video, Drohne mit Kamera, Luftaufnahmen g\u00fcnstig Top Bestseller \u2713 Top Kaufempfehlungen \u2713 Top Produkte \u2713 Tipp eines Profi \u2713\",\"breadcrumb\":{\"@id\":\"http:\/\/rcfly.ch\/drohne-kaufen\/fpv-race-drohne\/fpv-freestyle-tricks\/#breadcrumb\"},\"inLanguage\":\"de\",\"potentialAction\":[{\"@type\":\"ReadAction\",\"target\":[\"http:\/\/rcfly.ch\/drohne-kaufen\/fpv-race-drohne\/fpv-freestyle-tricks\/\"]}]},{\"@type\":\"BreadcrumbList\",\"@id\":\"http:\/\/rcfly.ch\/drohne-kaufen\/fpv-race-drohne\/fpv-freestyle-tricks\/#breadcrumb\",\"itemListElement\":[{\"@type\":\"ListItem\",\"position\":1,\"name\":\"Startseite\",\"item\":\"http:\/\/rcfly.ch\/drohne-kaufen\/\"},{\"@type\":\"ListItem\",\"position\":2,\"name\":\"FPV Race Drohne\",\"item\":\"http:\/\/rcfly.ch\/drohne-kaufen\/fpv-race-drohne\/\"},{\"@type\":\"ListItem\",\"position\":3,\"name\":\"FPV Freestyle Tricks\"}]},{\"@type\":\"WebSite\",\"@id\":\"https:\/\/rcfly.ch\/drohne-kaufen\/#website\",\"url\":\"https:\/\/rcfly.ch\/drohne-kaufen\/\",\"name\":\"Top Drohnen und FPV Racer\",\"description\":\"Top Drohnen mit Kamera &amp; Hilfe bei der Kaufentscheidung &amp; ** NEWS ** \",\"potentialAction\":[{\"@type\":\"SearchAction\",\"target\":{\"@type\":\"EntryPoint\",\"urlTemplate\":\"https:\/\/rcfly.ch\/drohne-kaufen\/?s={search_term_string}\"},\"query-input\":\"required name=search_term_string\"}],\"inLanguage\":\"de\"}]}<\/script>\n<!-- \/ Yoast SEO plugin. -->","yoast_head_json":{"title":"\u25b7 FPV Freestyle Tricks ++TOP Trend++ Besten FPV Freestyle Tricks Video","description":"FPV Freestyle Tricks, Rotor Riot Video, Drohne mit Kamera, Luftaufnahmen g\u00fcnstig Top Bestseller \u2713 Top Kaufempfehlungen \u2713 Top Produkte \u2713 Tipp eines Profi \u2713","robots":{"index":"index","follow":"follow","max-snippet":"max-snippet:-1","max-image-preview":"max-image-preview:large","max-video-preview":"max-video-preview:-1"},"canonical":"http:\/\/rcfly.ch\/drohne-kaufen\/fpv-race-drohne\/fpv-freestyle-tricks\/","og_locale":"de_DE","og_type":"article","og_title":"\u25b7 FPV Freestyle Tricks ++TOP Trend++ Besten FPV Freestyle Tricks Video","og_description":"FPV Freestyle Tricks, Rotor Riot Video, Drohne mit Kamera, Luftaufnahmen g\u00fcnstig Top Bestseller \u2713 Top Kaufempfehlungen \u2713 Top Produkte \u2713 Tipp eines Profi \u2713","og_url":"http:\/\/rcfly.ch\/drohne-kaufen\/fpv-race-drohne\/fpv-freestyle-tricks\/","og_site_name":"Top Drohnen und FPV Racer","article_publisher":"https:\/\/www.facebook.com\/rcflyfreestyle\/","article_modified_time":"2017-01-07T19:38:56+00:00","twitter_card":"summary_large_image","twitter_site":"@rcflyluzern","twitter_misc":{"Gesch\u00e4tzte Lesezeit":"1\u00a0Minute"},"schema":{"@context":"https:\/\/schema.org","@graph":[{"@type":"WebPage","@id":"http:\/\/rcfly.ch\/drohne-kaufen\/fpv-race-drohne\/fpv-freestyle-tricks\/","url":"http:\/\/rcfly.ch\/drohne-kaufen\/fpv-race-drohne\/fpv-freestyle-tricks\/","name":"\u25b7 FPV Freestyle Tricks ++TOP Trend++ Besten FPV Freestyle Tricks Video","isPartOf":{"@id":"https:\/\/rcfly.ch\/drohne-kaufen\/#website"},"datePublished":"2016-12-06T18:21:37+00:00","dateModified":"2017-01-07T19:38:56+00:00","description":"FPV Freestyle Tricks, Rotor Riot Video, Drohne mit Kamera, Luftaufnahmen g\u00fcnstig Top Bestseller \u2713 Top Kaufempfehlungen \u2713 Top Produkte \u2713 Tipp eines Profi \u2713","breadcrumb":{"@id":"http:\/\/rcfly.ch\/drohne-kaufen\/fpv-race-drohne\/fpv-freestyle-tricks\/#breadcrumb"},"inLanguage":"de","potentialAction":[{"@type":"ReadAction","target":["http:\/\/rcfly.ch\/drohne-kaufen\/fpv-race-drohne\/fpv-freestyle-tricks\/"]}]},{"@type":"BreadcrumbList","@id":"http:\/\/rcfly.ch\/drohne-kaufen\/fpv-race-drohne\/fpv-freestyle-tricks\/#breadcrumb","itemListElement":[{"@type":"ListItem","position":1,"name":"Startseite","item":"http:\/\/rcfly.ch\/drohne-kaufen\/"},{"@type":"ListItem","position":2,"name":"FPV Race Drohne","item":"http:\/\/rcfly.ch\/drohne-kaufen\/fpv-race-drohne\/"},{"@type":"ListItem","position":3,"name":"FPV Freestyle Tricks"}]},{"@type":"WebSite","@id":"https:\/\/rcfly.ch\/drohne-kaufen\/#website","url":"https:\/\/rcfly.ch\/drohne-kaufen\/","name":"Top Drohnen und FPV Racer","description":"Top Drohnen mit Kamera &amp; Hilfe bei der Kaufentscheidung &amp; ** NEWS ** ","potentialAction":[{"@type":"SearchAction","target":{"@type":"EntryPoint","urlTemplate":"https:\/\/rcfly.ch\/drohne-kaufen\/?s={search_term_string}"},"query-input":"required name=search_term_string"}],"inLanguage":"de"}]}},"jetpack_sharing_enabled":true,"jetpack_shortlink":"https:\/\/wp.me\/P7AUgM-HF","_links":{"self":[{"href":"http:\/\/rcfly.ch\/drohne-kaufen\/wp-json\/wp\/v2\/pages\/2707"}],"collection":[{"href":"http:\/\/rcfly.ch\/drohne-kaufen\/wp-json\/wp\/v2\/pages"}],"about":[{"href":"http:\/\/rcfly.ch\/drohne-kaufen\/wp-json\/wp\/v2\/types\/page"}],"author":[{"embeddable":true,"href":"http:\/\/rcfly.ch\/drohne-kaufen\/wp-json\/wp\/v2\/users\/2"}],"replies":[{"embeddable":true,"href":"http:\/\/rcfly.ch\/drohne-kaufen\/wp-json\/wp\/v2\/comments?post=2707"}],"version-history":[{"count":11,"href":"http:\/\/rcfly.ch\/drohne-kaufen\/wp-json\/wp\/v2\/pages\/2707\/revisions"}],"predecessor-version":[{"id":4122,"href":"http:\/\/rcfly.ch\/drohne-kaufen\/wp-json\/wp\/v2\/pages\/2707\/revisions\/4122"}],"up":[{"embeddable":true,"href":"http:\/\/rcfly.ch\/drohne-kaufen\/wp-json\/wp\/v2\/pages\/8"}],"wp:attachment":[{"href":"http:\/\/rcfly.ch\/drohne-kaufen\/wp-json\/wp\/v2\/media?parent=2707"}],"curies":[{"name":"wp","href":"https:\/\/api.w.org\/{rel}","templated":true}]}}