{"id":16,"date":"2016-05-31T13:35:21","date_gmt":"2016-05-31T13:35:21","guid":{"rendered":"http:\/\/rcfly.ch\/drohne-kaufen\/?page_id=16"},"modified":"2016-12-19T11:41:19","modified_gmt":"2016-12-19T11:41:19","slug":"drohnen-zubehoer","status":"publish","type":"page","link":"http:\/\/rcfly.ch\/drohne-kaufen\/drohnen-zubehoer\/","title":{"rendered":"Drohnen Zubeh\u00f6r"},"content":{"rendered":"<h1><strong>Drohnen Zubeh\u00f6r Bestseller<\/strong><\/h1>\n<h2 style=\"text-align: justify;\"><strong><a href=\"http:\/\/amzn.to\/2hgmv1G\" target=\"_blank\"><img decoding=\"async\" loading=\"lazy\" class=\"alignleft wp-image-2763 size-medium\" title=\"Zubeh\u00f6r Drohnen\" src=\"https:\/\/i0.wp.com\/rcfly.ch\/drohne-kaufen\/wp-content\/uploads\/2016\/05\/lader.jpg?resize=308%2C300\" alt=\"Zubeh\u00f6r Drohnen\" width=\"308\" height=\"300\" data-recalc-dims=\"1\" \/><\/a><span style=\"color: #ba181f;\">Drohnen Zubeh\u00f6r<\/span><\/strong><\/h2>\n<p style=\"text-align: justify;\">Zu den <strong>Drohnen oder Quadrocopter<\/strong>\u00a0braucht es auch das <strong>n\u00f6tige Zubeh\u00f6r<\/strong>. Ganz wichtig ist auch eine <a href=\"http:\/\/amzn.to\/2fzTJdo\" target=\"_blank\" rel=\"nofollow\"><strong>Lipo Sicherheitstasche<\/strong><\/a>. Die Lipo Akku m\u00fcssen sorgf\u00e4ltig behandelt werden sonst k\u00f6nnen schnell Br\u00e4nde entstehen. In den folgenden Rubriken habe ich das <strong>wichtigste Zubeh\u00f6r<\/strong> aufgef\u00fchrt. Es handelt sich dabei immer um die <strong>Top 10 Bestseller.<\/strong><\/p>\n<p style=\"text-align: justify;\">\u00a0<\/p>\n<p style=\"text-align: justify;\">\u00a0<\/p>\n<p style=\"text-align: justify;\">\u00a0<\/p>\n<p style=\"text-align: justify;\">\u00a0<\/p>\n<p style=\"text-align: justify;\">\u00a0<\/p>\n<p style=\"text-align: justify;\">\u00a0<\/p>\n<p style=\"text-align: justify;\">\u00a0<\/p>\n<hr \/>\n<h2><span style=\"color: #ba181f;\"><strong>Aktuelle Top 10 Bestseller Drohnen Zubeh\u00f6r<\/strong><\/span><\/h2>\n<ul>\n<li><strong><a href=\"http:\/\/rcfly.ch\/drohne-kaufen\/zubehoer\/fpv-brille\/\">FPV Brille<\/a><\/strong><\/li>\n<li><a href=\"http:\/\/rcfly.ch\/drohne-kaufen\/fpv-zubehoer-bestseller\/fpv-kamera\/\"><strong>FPV Kamera<\/strong><\/a><\/li>\n<li><strong><a href=\"http:\/\/rcfly.ch\/drohne-kaufen\/zubehoer\/fpv-antenne\/\">FPV Antenne<\/a><\/strong><\/li>\n<li><strong><a href=\"http:\/\/rcfly.ch\/drohne-kaufen\/zubehoer\/fpv-frame\/\">FPV Frame<\/a><\/strong><\/li>\n<li><strong><a href=\"http:\/\/rcfly.ch\/drohne-kaufen\/fpv-zubehoer\/fpv-racer-motoren\/\">Motoren<\/a><\/strong><\/li>\n<li><strong><a href=\"http:\/\/rcfly.ch\/drohne-kaufen\/zubehoer\/propeller\/\">Propeller<\/a><\/strong><\/li>\n<li><strong><a href=\"http:\/\/rcfly.ch\/drohne-kaufen\/zubehoer\/lipo-tasche\/\">Lipo Tasche<\/a><\/strong><\/li>\n<li><strong><a href=\"http:\/\/rcfly.ch\/drohne-kaufen\/zubehoer\/loettechnik\/\">L\u00f6ttechnik<\/a><\/strong><\/li>\n<\/ul>\n<p>(Bestseller werden <strong>alle 12 Stunden<\/strong> aktualisiert)<\/p>\n<p><script async src=\"\/\/pagead2.googlesyndication.com\/pagead\/js\/adsbygoogle.js\"><\/script><br \/>\n <!-- drohen kaufen nicht reponsiv 840x90 standard --><br \/>\n <ins class=\"adsbygoogle\" style=\"display: inline-block; width: 840px; height: 90px;\" data-ad-client=\"ca-pub-9035236214095156\" data-ad-slot=\"7559932622\"><\/ins><br \/>\n <script>\n(adsbygoogle = window.adsbygoogle || []).push({});\n<\/script><\/p>\n<hr \/>\n<h2><span style=\"color: #ba181f;\"><strong>Lipo und Lipo Zubeh\u00f6r Top 10<\/strong><\/span><\/h2>\n<p>[amazon bestseller=&#8220;lipo safe&#8220;]<\/p>\n","protected":false},"excerpt":{"rendered":"<p>Drohnen Zubeh\u00f6r Bestseller Drohnen Zubeh\u00f6r Zu den Drohnen oder Quadrocopter\u00a0braucht es auch das n\u00f6tige Zubeh\u00f6r. Ganz wichtig ist auch eine Lipo Sicherheitstasche. Die Lipo Akku m\u00fcssen sorgf\u00e4ltig behandelt werden sonst k\u00f6nnen schnell Br\u00e4nde entstehen. In den folgenden Rubriken habe ich das wichtigste Zubeh\u00f6r aufgef\u00fchrt. Es handelt sich dabei immer um die Top 10 Bestseller. \u00a0 [&hellip;]<\/p>\n","protected":false},"author":2,"featured_media":0,"parent":0,"menu_order":0,"comment_status":"closed","ping_status":"closed","template":"template-sidebar_rechts.php","meta":{"jetpack_post_was_ever_published":false,"footnotes":""},"yoast_head":"<!-- This site is optimized with the Yoast SEO plugin v21.2 - https:\/\/yoast.com\/wordpress\/plugins\/seo\/ -->\n<title>\u25b7 Drohnen Zubeh\u00f6r ++TOP Trend++ FPV Racer u. Drohne mit Kamera<\/title>\n<meta name=\"description\" content=\"Drohnen Zubeh\u00f6r. Alles was es braucht um die Drohne zu geniessen. Ladeger\u00e4te \u2713 FPV Antennen \u2713 FPV Brille \u2713 Racer Motoren \u2713 Lipotaschen \u2713 Top Zubeh\u00f6r \u2713\" \/>\n<meta name=\"robots\" content=\"index, follow, max-snippet:-1, max-image-preview:large, max-video-preview:-1\" \/>\n<link rel=\"canonical\" href=\"https:\/\/rcfly.ch\/drohne-kaufen\/drohnen-zubehoer\/\" \/>\n<meta property=\"og:locale\" content=\"de_DE\" \/>\n<meta property=\"og:type\" content=\"article\" \/>\n<meta property=\"og:title\" content=\"\u25b7 Drohnen Zubeh\u00f6r ++TOP Trend++ FPV Racer u. Drohne mit Kamera\" \/>\n<meta property=\"og:description\" content=\"Drohnen Zubeh\u00f6r. Alles was es braucht um die Drohne zu geniessen. Ladeger\u00e4te \u2713 FPV Antennen \u2713 FPV Brille \u2713 Racer Motoren \u2713 Lipotaschen \u2713 Top Zubeh\u00f6r \u2713\" \/>\n<meta property=\"og:url\" content=\"https:\/\/rcfly.ch\/drohne-kaufen\/drohnen-zubehoer\/\" \/>\n<meta property=\"og:site_name\" content=\"Top Drohnen und FPV Racer\" \/>\n<meta property=\"article:publisher\" content=\"https:\/\/www.facebook.com\/rcflyfreestyle\/\" \/>\n<meta property=\"article:modified_time\" content=\"2016-12-19T11:41:19+00:00\" \/>\n<meta property=\"og:image\" content=\"http:\/\/rcfly.ch\/drohne-kaufen\/wp-content\/uploads\/2016\/05\/lader-308x300.jpg\" \/>\n<meta name=\"twitter:card\" content=\"summary_large_image\" \/>\n<meta name=\"twitter:site\" content=\"@rcflyluzern\" \/>\n<script type=\"application\/ld+json\" class=\"yoast-schema-graph\">{\"@context\":\"https:\/\/schema.org\",\"@graph\":[{\"@type\":\"WebPage\",\"@id\":\"https:\/\/rcfly.ch\/drohne-kaufen\/drohnen-zubehoer\/\",\"url\":\"https:\/\/rcfly.ch\/drohne-kaufen\/drohnen-zubehoer\/\",\"name\":\"\u25b7 Drohnen Zubeh\u00f6r ++TOP Trend++ FPV Racer u. Drohne mit Kamera\",\"isPartOf\":{\"@id\":\"https:\/\/rcfly.ch\/drohne-kaufen\/#website\"},\"datePublished\":\"2016-05-31T13:35:21+00:00\",\"dateModified\":\"2016-12-19T11:41:19+00:00\",\"description\":\"Drohnen Zubeh\u00f6r. Alles was es braucht um die Drohne zu geniessen. Ladeger\u00e4te \u2713 FPV Antennen \u2713 FPV Brille \u2713 Racer Motoren \u2713 Lipotaschen \u2713 Top Zubeh\u00f6r \u2713\",\"breadcrumb\":{\"@id\":\"https:\/\/rcfly.ch\/drohne-kaufen\/drohnen-zubehoer\/#breadcrumb\"},\"inLanguage\":\"de\",\"potentialAction\":[{\"@type\":\"ReadAction\",\"target\":[\"https:\/\/rcfly.ch\/drohne-kaufen\/drohnen-zubehoer\/\"]}]},{\"@type\":\"BreadcrumbList\",\"@id\":\"https:\/\/rcfly.ch\/drohne-kaufen\/drohnen-zubehoer\/#breadcrumb\",\"itemListElement\":[{\"@type\":\"ListItem\",\"position\":1,\"name\":\"Startseite\",\"item\":\"http:\/\/rcfly.ch\/drohne-kaufen\/\"},{\"@type\":\"ListItem\",\"position\":2,\"name\":\"Drohnen Zubeh\u00f6r\"}]},{\"@type\":\"WebSite\",\"@id\":\"https:\/\/rcfly.ch\/drohne-kaufen\/#website\",\"url\":\"https:\/\/rcfly.ch\/drohne-kaufen\/\",\"name\":\"Top Drohnen und FPV Racer\",\"description\":\"Top Drohnen mit Kamera &amp; Hilfe bei der Kaufentscheidung &amp; ** NEWS ** \",\"potentialAction\":[{\"@type\":\"SearchAction\",\"target\":{\"@type\":\"EntryPoint\",\"urlTemplate\":\"https:\/\/rcfly.ch\/drohne-kaufen\/?s={search_term_string}\"},\"query-input\":\"required name=search_term_string\"}],\"inLanguage\":\"de\"}]}<\/script>\n<!-- \/ Yoast SEO plugin. -->","yoast_head_json":{"title":"\u25b7 Drohnen Zubeh\u00f6r ++TOP Trend++ FPV Racer u. Drohne mit Kamera","description":"Drohnen Zubeh\u00f6r. Alles was es braucht um die Drohne zu geniessen. Ladeger\u00e4te \u2713 FPV Antennen \u2713 FPV Brille \u2713 Racer Motoren \u2713 Lipotaschen \u2713 Top Zubeh\u00f6r \u2713","robots":{"index":"index","follow":"follow","max-snippet":"max-snippet:-1","max-image-preview":"max-image-preview:large","max-video-preview":"max-video-preview:-1"},"canonical":"https:\/\/rcfly.ch\/drohne-kaufen\/drohnen-zubehoer\/","og_locale":"de_DE","og_type":"article","og_title":"\u25b7 Drohnen Zubeh\u00f6r ++TOP Trend++ FPV Racer u. Drohne mit Kamera","og_description":"Drohnen Zubeh\u00f6r. Alles was es braucht um die Drohne zu geniessen. Ladeger\u00e4te \u2713 FPV Antennen \u2713 FPV Brille \u2713 Racer Motoren \u2713 Lipotaschen \u2713 Top Zubeh\u00f6r \u2713","og_url":"https:\/\/rcfly.ch\/drohne-kaufen\/drohnen-zubehoer\/","og_site_name":"Top Drohnen und FPV Racer","article_publisher":"https:\/\/www.facebook.com\/rcflyfreestyle\/","article_modified_time":"2016-12-19T11:41:19+00:00","og_image":[{"url":"http:\/\/rcfly.ch\/drohne-kaufen\/wp-content\/uploads\/2016\/05\/lader-308x300.jpg"}],"twitter_card":"summary_large_image","twitter_site":"@rcflyluzern","schema":{"@context":"https:\/\/schema.org","@graph":[{"@type":"WebPage","@id":"https:\/\/rcfly.ch\/drohne-kaufen\/drohnen-zubehoer\/","url":"https:\/\/rcfly.ch\/drohne-kaufen\/drohnen-zubehoer\/","name":"\u25b7 Drohnen Zubeh\u00f6r ++TOP Trend++ FPV Racer u. Drohne mit Kamera","isPartOf":{"@id":"https:\/\/rcfly.ch\/drohne-kaufen\/#website"},"datePublished":"2016-05-31T13:35:21+00:00","dateModified":"2016-12-19T11:41:19+00:00","description":"Drohnen Zubeh\u00f6r. Alles was es braucht um die Drohne zu geniessen. Ladeger\u00e4te \u2713 FPV Antennen \u2713 FPV Brille \u2713 Racer Motoren \u2713 Lipotaschen \u2713 Top Zubeh\u00f6r \u2713","breadcrumb":{"@id":"https:\/\/rcfly.ch\/drohne-kaufen\/drohnen-zubehoer\/#breadcrumb"},"inLanguage":"de","potentialAction":[{"@type":"ReadAction","target":["https:\/\/rcfly.ch\/drohne-kaufen\/drohnen-zubehoer\/"]}]},{"@type":"BreadcrumbList","@id":"https:\/\/rcfly.ch\/drohne-kaufen\/drohnen-zubehoer\/#breadcrumb","itemListElement":[{"@type":"ListItem","position":1,"name":"Startseite","item":"http:\/\/rcfly.ch\/drohne-kaufen\/"},{"@type":"ListItem","position":2,"name":"Drohnen Zubeh\u00f6r"}]},{"@type":"WebSite","@id":"https:\/\/rcfly.ch\/drohne-kaufen\/#website","url":"https:\/\/rcfly.ch\/drohne-kaufen\/","name":"Top Drohnen und FPV Racer","description":"Top Drohnen mit Kamera &amp; Hilfe bei der Kaufentscheidung &amp; ** NEWS ** ","potentialAction":[{"@type":"SearchAction","target":{"@type":"EntryPoint","urlTemplate":"https:\/\/rcfly.ch\/drohne-kaufen\/?s={search_term_string}"},"query-input":"required name=search_term_string"}],"inLanguage":"de"}]}},"jetpack_sharing_enabled":true,"jetpack_shortlink":"https:\/\/wp.me\/P7AUgM-g","_links":{"self":[{"href":"http:\/\/rcfly.ch\/drohne-kaufen\/wp-json\/wp\/v2\/pages\/16"}],"collection":[{"href":"http:\/\/rcfly.ch\/drohne-kaufen\/wp-json\/wp\/v2\/pages"}],"about":[{"href":"http:\/\/rcfly.ch\/drohne-kaufen\/wp-json\/wp\/v2\/types\/page"}],"author":[{"embeddable":true,"href":"http:\/\/rcfly.ch\/drohne-kaufen\/wp-json\/wp\/v2\/users\/2"}],"replies":[{"embeddable":true,"href":"http:\/\/rcfly.ch\/drohne-kaufen\/wp-json\/wp\/v2\/comments?post=16"}],"version-history":[{"count":48,"href":"http:\/\/rcfly.ch\/drohne-kaufen\/wp-json\/wp\/v2\/pages\/16\/revisions"}],"predecessor-version":[{"id":3246,"href":"http:\/\/rcfly.ch\/drohne-kaufen\/wp-json\/wp\/v2\/pages\/16\/revisions\/3246"}],"wp:attachment":[{"href":"http:\/\/rcfly.ch\/drohne-kaufen\/wp-json\/wp\/v2\/media?parent=16"}],"curies":[{"name":"wp","href":"https:\/\/api.w.org\/{rel}","templated":true}]}}